{"id":668,"date":"2007-11-18T12:05:23","date_gmt":"2007-11-18T11:05:23","guid":{"rendered":"http:\/\/www.waynebd.com\/blog\/boutique-de-dessins"},"modified":"2009-10-08T18:38:26","modified_gmt":"2009-10-08T16:38:26","slug":"boutique-de-dessins","status":"publish","type":"page","link":"https:\/\/www.waynebd.com\/blog\/boutique-de-dessins","title":{"rendered":"Boutique de Dessins"},"content":{"rendered":"<p> Bonjour ami chaland,<\/p>\n<p>Tu peux te procurer un de mes \u00e9trons originaux, rampants ou volants, de mani\u00e8re simple gr\u00e2ce aux nouvelles technologies ! 4 choix s&rsquo;offre \u00e0 ton enc\u00e9phale :<\/p>\n<p><strong>-Choisir un dessin dans la galerie ci-dessous. Taper 1.<\/strong><\/p>\n<p><strong>-Me demander une commande originale. (No\u00ebl, anniversaire, record de curling&#8230; ).Taper 2.<\/strong><\/p>\n<p><strong>-Parcourir le blog \u00e0 la recherche d&rsquo;un dessin et demander si il est dispo. Taper 3. <\/strong><\/p>\n<p><strong>-Fermer la fen\u00eatre parce que tu t&rsquo;es perdu en cherchant une vid\u00e9o de Britney Spears qui vomit. Taper 4.<\/strong><\/p>\n<p>Dans tous les cas (sauf le 4), contacte moi <a href=\"mailto:wayne75@hotmail.fr\"><strong>ICI M\u00caME<\/strong><\/a>, pour les modalit\u00e9s. (devis, paiement Paypal ou ch\u00e8que)<\/p>\n<p>En te b\u00e9nissant sur 5 g\u00e9n\u00e9rations !<\/p>\n<p align=\"center\">&#8212;&#8212;&#8212;&#8212;&#8212;&#8212;&#8212;&#8212;&#8212;&#8212;&#8212;&#8212;&#8212;&#8212;&#8212;&#8212;&#8212;&#8212;&#8212;&#8212;&#8212;&#8212;&#8212;&#8212;&#8212;&#8212;&#8212;&#8212;&#8212;&#8212;&#8212;&#8212;&#8212;&#8212;&#8212;&#8212;&#8212;&#8212;&#8211;<\/p>\n<p align=\"center\"><strong><font size=\"5\">GALERIE<br \/>\n<\/font><\/strong><\/p>\n<p align=\"center\"><img decoding=\"async\" src=\"http:\/\/www.waynebd.com\/dessins\/zen.jpg\" \/><\/p>\n<p align=\"center\"><strong>Instant Zen &#8211; crayon bleu, stylos et pinceau &#8211; 21 x 21 cm &#8211; 10 EUROS<\/strong><\/p>\n<p align=\"center\"><img decoding=\"async\" src=\"http:\/\/www.waynebd.com\/dessins\/loozefeu.jpg\" \/><\/p>\n<p align=\"center\"><strong>Les moments de Looze : le feu &#8211; crayon bleu et stylos &#8211; A4 &#8211; 10 EUROS<\/strong><\/p>\n<p align=\"center\"><img decoding=\"async\" src=\"http:\/\/www.waynebd.com\/dessins\/barbefleurie.jpg\" \/><\/p>\n<p align=\"center\"><strong>Barbe Fleurie &#8211; crayon de papier et peinture &#8211; A5 &#8211; 15 EUROS<\/strong><\/p>\n<p align=\"center\"><img decoding=\"async\" src=\"http:\/\/www.waynebd.com\/dessins\/sarkoleon.jpg\" \/><\/p>\n<p align=\"center\"><strong>Sarkol\u00e9on (cit\u00e9 par LeMonde.fr) &#8211; pinceau noir &#8211; A5 sur A4 &#8211; 20 EUROS<\/strong><\/p>\n<p align=\"center\"><img decoding=\"async\" src=\"http:\/\/www.waynebd.com\/dessins\/waynefleurs.jpg\" \/><\/p>\n<p align=\"center\"><strong>Autoportrait Printanier &#8211; crayon, aquarelle, peinture &#8211; 15 EUROS<\/strong><\/p>\n<p align=\"center\"><img decoding=\"async\" src=\"http:\/\/www.waynebd.com\/dessins\/mariannes.jpg\" \/><\/p>\n<p align=\"center\"><strong>Marianne \u00e0 Trois T\u00eates (publi\u00e9 dans le Collectif France Info) &#8211; crayon bleu et stylos &#8211; A4 &#8211; 15 EUROS<\/strong><\/p>\n","protected":false},"excerpt":{"rendered":"<p> Bonjour ami chaland, Tu peux te procurer un de mes \u00e9trons originaux, rampants ou volants, de mani\u00e8re simple gr\u00e2ce aux nouvelles technologies ! 4 choix s&rsquo;offre \u00e0 ton enc\u00e9phale : -Choisir un dessin dans la galerie ci-dessous. Taper 1. -Me demander une commande originale. (No\u00ebl, anniversaire, record de curling&#8230; ).Taper 2. -Parcourir le blog \u00e0 [&hellip;] <\/p>\n","protected":false},"author":1,"featured_media":0,"parent":0,"menu_order":0,"comment_status":"closed","ping_status":"closed","template":"page.php","meta":{"footnotes":""},"class_list":["post-668","page","type-page","status-publish","hentry"],"_links":{"self":[{"href":"https:\/\/www.waynebd.com\/blog\/wp-json\/wp\/v2\/pages\/668","targetHints":{"allow":["GET"]}}],"collection":[{"href":"https:\/\/www.waynebd.com\/blog\/wp-json\/wp\/v2\/pages"}],"about":[{"href":"https:\/\/www.waynebd.com\/blog\/wp-json\/wp\/v2\/types\/page"}],"author":[{"embeddable":true,"href":"https:\/\/www.waynebd.com\/blog\/wp-json\/wp\/v2\/users\/1"}],"replies":[{"embeddable":true,"href":"https:\/\/www.waynebd.com\/blog\/wp-json\/wp\/v2\/comments?post=668"}],"version-history":[{"count":0,"href":"https:\/\/www.waynebd.com\/blog\/wp-json\/wp\/v2\/pages\/668\/revisions"}],"wp:attachment":[{"href":"https:\/\/www.waynebd.com\/blog\/wp-json\/wp\/v2\/media?parent=668"}],"curies":[{"name":"wp","href":"https:\/\/api.w.org\/{rel}","templated":true}]}}