{"id":2,"date":"2007-08-08T12:18:15","date_gmt":"2007-08-08T10:18:15","guid":{"rendered":""},"modified":"2019-06-25T14:46:41","modified_gmt":"2019-06-25T13:46:41","slug":"a-propos","status":"publish","type":"page","link":"https:\/\/www.waynebd.com\/blog\/a-propos","title":{"rendered":"A propos"},"content":{"rendered":"\n<p align=\"center\"><span style=\"font-family: Arial, Verdana, Tahoma; font-size: medium;\"><span style=\"font-family: Arial, Verdana, Tahoma; font-size: small;\"><span style=\"font-family: verdana,geneva; font-size: small;\"><img decoding=\"async\" src=\"https:\/\/www.waynebd.com\/blog\/habillage\/photo.jpg\" border=\"0\" \/><\/span><\/span><\/span><\/p>\n<p align=\"center\"><span style=\"font-family: Arial, Verdana, Tahoma; font-size: medium;\"><span style=\"font-family: Arial, Verdana, Tahoma; font-size: small;\"><span style=\"font-family: verdana,geneva; font-size: small;\"><strong>Vous \u00eates sur la page totalement \u00e9gocentrique o\u00f9 le blogueur bi\u00e9rophile parle \u00e0 la troisi\u00e8me personne de lui. Il \u00e9tale son \u00e9go surdimensionn\u00e9, ses envies de conqu\u00eate du top 50 de l&rsquo;euro-dance, sa destin\u00e9e de dictateur du monde et son vice d\u00e9viant pour les Barbies&#8230;<\/strong><\/span><\/span><\/span><\/p>\n<p><span style=\"font-family: Arial, Verdana, Tahoma; font-size: medium;\"><strong> <span style=\"font-family: Arial, Verdana, Tahoma; font-size: small;\"> J&rsquo;appr\u00e9cie&#8230; <\/span> <\/strong><\/span><\/p>\n<table>\n<tbody>\n<tr>\n<td valign=\"top\"><em> <span style=\"font-family: Arial, Verdana, Tahoma; font-size: small;\"><img loading=\"lazy\" decoding=\"async\" src=\"https:\/\/www.waynebd.com\/blog\/habillage\/picto.jpg\" width=\"11\" height=\"12\" \/> Chansons: <\/span> <\/em><\/td>\n<td valign=\"top\"><span style=\"font-family: Arial, Verdana, Tahoma; font-size: small;\"> Ozone, Massimo Gargia, Thierry Roland, Yvette Horner, Francis Lalanne, Willie Denzey&#8230; <\/span><\/td>\n<\/tr>\n<tr>\n<td valign=\"top\"><em> <span style=\"font-family: Arial, Verdana, Tahoma; font-size: small;\"><img loading=\"lazy\" decoding=\"async\" src=\"https:\/\/www.waynebd.com\/blog\/habillage\/picto2.jpg\" width=\"11\" height=\"12\" \/> S\u00e9ries: <\/span> <\/em><\/td>\n<td valign=\"top\"><span style=\"font-family: Arial, Verdana, Tahoma; font-size: small;\"> Derrick, La clinique de la for\u00eat noire, S-Club-Seven, Jos\u00e9phine Ange-Gardien&#8230; <\/span><\/td>\n<\/tr>\n<tr>\n<td valign=\"top\"><em> <span style=\"font-family: Arial, Verdana, Tahoma; font-size: small;\"><img loading=\"lazy\" decoding=\"async\" src=\"https:\/\/www.waynebd.com\/blog\/habillage\/picto3.jpg\" width=\"11\" height=\"12\" \/> Films: <\/span> <\/em><\/td>\n<td valign=\"top\"><span style=\"font-family: Arial, Verdana, Tahoma; font-size: small;\"> -D\u00e9pucelage anale \u00e0 Budapest<br \/>\n-Martine \u00e0 la Mer : Le Film<br \/>\n-Bruce Lee contre les 17 fant\u00f4mes chinois volants <\/span><\/td>\n<\/tr>\n<tr>\n<td valign=\"top\"><em> <span style=\"font-family: Arial, Verdana, Tahoma; font-size: small;\"><img loading=\"lazy\" decoding=\"async\" src=\"https:\/\/www.waynebd.com\/blog\/habillage\/picto4.jpg\" width=\"11\" height=\"11\" \/> Livres: <\/span> <\/em><\/td>\n<td valign=\"top\"><span style=\"font-family: Arial, Verdana, Tahoma; font-size: small;\"> -Le Guide Pratique de la plomberie pour les Nuls en BD<br \/>\n-Le Guide du Routard de la Roumanie \u00e9dition 1997<br \/>\n-L&rsquo;Horoscope d&rsquo;Elisabeth Tessier 2003 <\/span><\/td>\n<\/tr>\n<tr>\n<td valign=\"top\"><em> <span style=\"font-family: Arial, Verdana, Tahoma; font-size: small;\"><img decoding=\"async\" src=\"https:\/\/www.waynebd.com\/blog\/habillage\/picto5.jpg\" \/> Auteurs: <\/span> <\/em><\/td>\n<td valign=\"top\"><span style=\"font-family: Arial, Verdana, Tahoma; font-size: small;\"> 1m77. <\/span><\/td>\n<\/tr>\n<tr>\n<td valign=\"top\"><em> <span style=\"font-family: Arial, Verdana, Tahoma; font-size: small;\"><img loading=\"lazy\" decoding=\"async\" src=\"https:\/\/www.waynebd.com\/blog\/habillage\/picto6.jpg\" width=\"11\" height=\"11\" \/> Sports: <\/span> <\/em><\/td>\n<td valign=\"top\"><span style=\"font-family: Arial, Verdana, Tahoma; font-size: small;\"> Je ne comprends pas ce mot ? <\/span><\/td>\n<\/tr>\n<tr>\n<td valign=\"top\"><em> <span style=\"font-family: Arial, Verdana, Tahoma; font-size: small;\"><img loading=\"lazy\" decoding=\"async\" src=\"https:\/\/www.waynebd.com\/blog\/habillage\/picto7.jpg\" width=\"11\" height=\"11\" \/> Activit\u00e9s: <\/span> <\/em><\/td>\n<td valign=\"top\"><span style=\"font-family: Arial, Verdana, Tahoma; font-size: small;\">-collectionner les timbres du Pakistan, et les capsules de jus de kiwi.<br \/>\n-manger les chips par ordre impair d\u00e9croissant.<\/span><\/td>\n<\/tr>\n<\/tbody>\n<\/table>\n<p><span style=\"font-family: Arial, Verdana, Tahoma; font-size: medium;\"><strong> <span style=\"font-family: Arial, Verdana, Tahoma; font-size: small;\"> A propos de moi&#8230; <\/span> <\/strong><\/span><\/p>\n<p><span style=\"font-family: Arial, Verdana, Tahoma; font-size: medium;\"><em> <span style=\"font-family: Arial, Verdana, Tahoma; font-size: small;\"> quand j&rsquo;\u00e9tais jeune&#8230;: <\/span> <\/em><br \/>\n<span style=\"font-family: Arial, Verdana, Tahoma; font-size: small;\"> j&rsquo;\u00e9tais jeune. <\/span><\/span><\/p>\n<p><span style=\"font-family: Arial, Verdana, Tahoma; font-size: medium;\"><em> <span style=\"font-family: Arial, Verdana, Tahoma; font-size: small;\"> quand je serai grand(e)&#8230;: <\/span> <\/em><br \/>\n<span style=\"font-family: Arial, Verdana, Tahoma; font-size: small;\"> je ferais 2m72. <\/span><\/span><\/p>\n<p><span style=\"font-family: Arial, Verdana, Tahoma; font-size: medium;\"><em> <span style=\"font-family: Arial, Verdana, Tahoma; font-size: small;\"> cette semaine&#8230;: <\/span> <\/em><br \/>\n<span style=\"font-family: Arial, Verdana, Tahoma; font-size: small;\"> j&rsquo;ai v\u00e9cu 7 jours de plus&#8230; <\/span><\/span><\/p>\n<p><span style=\"font-family: Arial, Verdana, Tahoma; font-size: medium;\"><em> <span style=\"font-family: Arial, Verdana, Tahoma; font-size: small;\"> j&rsquo;aimerais&#8230;: <\/span> <\/em><br \/>\n<span style=\"font-family: Arial, Verdana, Tahoma; font-size: small;\"> savoir faire des dessins technique de moteurs de tracteur. <\/span><\/span><\/p>\n<p><span style=\"font-family: Arial, Verdana, Tahoma; font-size: medium;\"><em> <span style=\"font-family: Arial, Verdana, Tahoma; font-size: small;\"> j&rsquo;aime&#8230;: <\/span> <\/em><br \/>\n<span style=\"font-family: Arial, Verdana, Tahoma; font-size: small;\"> le sexe avec des petits rongeurs. <\/span><\/span><\/p>\n<p><span style=\"font-family: Arial, Verdana, Tahoma; font-size: medium;\"><em> <span style=\"font-family: Arial, Verdana, Tahoma; font-size: small;\"> vous me reconna\u00eetrez&#8230;: <\/span> <\/em><br \/>\n<span style=\"font-family: Arial, Verdana, Tahoma; font-size: small;\"> un jour peut-\u00eatre&#8230;<\/span><\/span> <\/p>\n","protected":false},"excerpt":{"rendered":"<p> Vous \u00eates sur la page totalement \u00e9gocentrique o\u00f9 le blogueur bi\u00e9rophile parle \u00e0 la troisi\u00e8me personne de lui. Il \u00e9tale son \u00e9go surdimensionn\u00e9, ses envies de conqu\u00eate du top 50 de l&rsquo;euro-dance, sa destin\u00e9e de dictateur du monde et son vice d\u00e9viant pour les Barbies&#8230; J&rsquo;appr\u00e9cie&#8230; Chansons: Ozone, Massimo Gargia, Thierry Roland, Yvette Horner, Francis [&hellip;] <\/p>\n","protected":false},"author":2,"featured_media":0,"parent":0,"menu_order":0,"comment_status":"closed","ping_status":"closed","template":"page.php","meta":{"footnotes":""},"class_list":["post-2","page","type-page","status-publish","hentry"],"_links":{"self":[{"href":"https:\/\/www.waynebd.com\/blog\/wp-json\/wp\/v2\/pages\/2","targetHints":{"allow":["GET"]}}],"collection":[{"href":"https:\/\/www.waynebd.com\/blog\/wp-json\/wp\/v2\/pages"}],"about":[{"href":"https:\/\/www.waynebd.com\/blog\/wp-json\/wp\/v2\/types\/page"}],"author":[{"embeddable":true,"href":"https:\/\/www.waynebd.com\/blog\/wp-json\/wp\/v2\/users\/2"}],"replies":[{"embeddable":true,"href":"https:\/\/www.waynebd.com\/blog\/wp-json\/wp\/v2\/comments?post=2"}],"version-history":[{"count":1,"href":"https:\/\/www.waynebd.com\/blog\/wp-json\/wp\/v2\/pages\/2\/revisions"}],"predecessor-version":[{"id":2581,"href":"https:\/\/www.waynebd.com\/blog\/wp-json\/wp\/v2\/pages\/2\/revisions\/2581"}],"wp:attachment":[{"href":"https:\/\/www.waynebd.com\/blog\/wp-json\/wp\/v2\/media?parent=2"}],"curies":[{"name":"wp","href":"https:\/\/api.w.org\/{rel}","templated":true}]}}