{"id":1802,"date":"2012-05-14T11:52:51","date_gmt":"2012-05-14T10:52:51","guid":{"rendered":"http:\/\/www.waynebd.com\/blog\/reflexions-dun-moustique"},"modified":"2012-05-14T15:04:25","modified_gmt":"2012-05-14T14:04:25","slug":"reflexions-dun-moustique","status":"publish","type":"page","link":"https:\/\/www.waynebd.com\/blog\/reflexions-dun-moustique","title":{"rendered":"R\u00e9flexion(s) d&rsquo;un Moustique"},"content":{"rendered":"\n<p align=\"center\"><img loading=\"lazy\" decoding=\"async\" src=\"https:\/\/www.waynebd.com\/blog\/images\/1205\/reflexionmoustique_couv.jpg\" height=\"777\" width=\"550\" \/><\/p>\n<p align=\"center\"><strong>REFLEXION(S) D&rsquo;UN MOUSTIQUE<br \/>\n48 pages \/\/ 17 x 24 cm \/\/ Noir &amp; Blanc \/\/ 7 \u20ac<br \/>\nISBN : 978-2-9541946-0-8<\/strong><\/p>\n<p align=\"left\"><em>Voici un trentenaire bien entam\u00e9, maniaque barbu, \u00e0 moiti\u00e9 geek, qui d\u00e9teste qu\u2019on se mette \u00e0 gauche dans l\u2019escalator, qu\u2019on porte son pull nou\u00e9 sur les \u00e9paules, les ouvertures (pas) faciles et l\u2019\u00e9quitation&#8230; En revanche il aime les mots \u00abcompte triple\u00bb au Scrabble.<br \/>\nA travers souvenirs, anecdotes, moments de poisse et r\u00e9flexions (f)utiles, d\u00e9couvrez les pastilles dans l\u2019autobiographie romanc\u00e9e d\u2019un simple moustique \u00e0 l\u2019\u00e9chelle de l\u2019univers&#8230;<\/em><\/p>\n<p align=\"center\"><img decoding=\"async\" src=\"https:\/\/www.waynebd.com\/blog\/images\/1205\/livres-moustique.jpg\" width=\"550\" \/><\/p>\n<p><strong>\u00a0Pour commander :<\/strong><\/p>\n<p>Envoyez <u>vos coordonn\u00e9es<\/u> et votre <u>choix de moyen de paiement<\/u> (ch\u00e8que ou virement bancaire) \u00e0 <a href=\"mailto:wayne75@hotmail.fr\" target=\"_blank\"><strong><br \/>\nce MAIL<\/strong><\/a>.<br \/>\nVous recevrez en retour l&rsquo;adresse d&rsquo;envoi ou le RIB n\u00e9cessaire.<\/p>\n<p align=\"left\"><em>Nota : Frais de port\u00a0 (France M\u00e9tropolitaine) pour 1 ex. = <strong>2,30 \u20ac<\/strong><\/em><strong><\/strong><\/p>\n","protected":false},"excerpt":{"rendered":"<p> REFLEXION(S) D&rsquo;UN MOUSTIQUE 48 pages \/\/ 17 x 24 cm \/\/ Noir &amp; Blanc \/\/ 7 \u20ac ISBN : 978-2-9541946-0-8 Voici un trentenaire bien entam\u00e9, maniaque barbu, \u00e0 moiti\u00e9 geek, qui d\u00e9teste qu\u2019on se mette \u00e0 gauche dans l\u2019escalator, qu\u2019on porte son pull nou\u00e9 sur les \u00e9paules, les ouvertures (pas) faciles et l\u2019\u00e9quitation&#8230; En revanche [&hellip;] <\/p>\n","protected":false},"author":1,"featured_media":0,"parent":0,"menu_order":0,"comment_status":"open","ping_status":"open","template":"","meta":{"footnotes":""},"class_list":["post-1802","page","type-page","status-publish","hentry"],"_links":{"self":[{"href":"https:\/\/www.waynebd.com\/blog\/wp-json\/wp\/v2\/pages\/1802","targetHints":{"allow":["GET"]}}],"collection":[{"href":"https:\/\/www.waynebd.com\/blog\/wp-json\/wp\/v2\/pages"}],"about":[{"href":"https:\/\/www.waynebd.com\/blog\/wp-json\/wp\/v2\/types\/page"}],"author":[{"embeddable":true,"href":"https:\/\/www.waynebd.com\/blog\/wp-json\/wp\/v2\/users\/1"}],"replies":[{"embeddable":true,"href":"https:\/\/www.waynebd.com\/blog\/wp-json\/wp\/v2\/comments?post=1802"}],"version-history":[{"count":0,"href":"https:\/\/www.waynebd.com\/blog\/wp-json\/wp\/v2\/pages\/1802\/revisions"}],"wp:attachment":[{"href":"https:\/\/www.waynebd.com\/blog\/wp-json\/wp\/v2\/media?parent=1802"}],"curies":[{"name":"wp","href":"https:\/\/api.w.org\/{rel}","templated":true}]}}